{"id":896,"date":"2018-12-05T18:59:06","date_gmt":"2018-12-05T17:59:06","guid":{"rendered":"http:\/\/www.knbo.il.pw.edu.pl\/?page_id=896"},"modified":"2018-12-05T18:59:06","modified_gmt":"2018-12-05T17:59:06","slug":"wyjscia-na-budowy","status":"publish","type":"page","link":"https:\/\/www.knbo.il.pw.edu.pl\/?page_id=896","title":{"rendered":"Wyj\u015bcia na budowy"},"content":{"rendered":"<h1 style=\"text-align: center;\"><em><strong>Wyj\u015bcia na budowy<\/strong><\/em><\/h1>\n<p style=\"text-align: center;\">Projekt jest skierowany do wszystkich student\u00f3w, kt\u00f3rzy chc\u0105 obejrze\u0107 budow\u0119 z bliska. Podczas<br \/>\nwyj\u015b\u0107 przewodniczy nam przynajmniej jeden kierownik budowy danego obiektu, kt\u00f3ry opr\u00f3cz<br \/>\noprowadzenia nas po terenie inwestycji ch\u0119tnie odpowiada na wszelkie pytania student\u00f3w dotycz\u0105ce<br \/>\nkonstrukcji czy te\u017c obowi\u0105zk\u00f3w kierownika budowy. Ka\u017cdy student mo\u017ce zaproponowa\u0107 wyj\u015bcie na<br \/>\nobiekt w budowie, kt\u00f3ry chcia\u0142by zobaczy\u0107 i wsp\u00f3lnie z koordynatorem projektu zorganizowa\u0107<br \/>\nupragnion\u0105 wycieczk\u0119.<\/p>\n<p style=\"text-align: center;\"><strong>Koordynator:<br \/>\n<\/strong>Karolina Rutz<\/p>\n","protected":false},"excerpt":{"rendered":"<p>Wyj\u015bcia na budowy Projekt jest skierowany do wszystkich student\u00f3w, kt\u00f3rzy chc\u0105 obejrze\u0107 budow\u0119 z bliska. Podczas wyj\u015b\u0107 przewodniczy nam przynajmniej jeden kierownik budowy danego obiektu, kt\u00f3ry opr\u00f3cz oprowadzenia nas po terenie inwestycji ch\u0119tnie odpowiada na wszelkie pytania student\u00f3w dotycz\u0105ce konstrukcji czy te\u017c obowi\u0105zk\u00f3w kierownika budowy. Ka\u017cdy student mo\u017ce zaproponowa\u0107 wyj\u015bcie na obiekt w budowie, kt\u00f3ry <a href=\"https:\/\/www.knbo.il.pw.edu.pl\/?page_id=896\"> read more <span class=\"meta-nav\">&raquo;<\/span><\/a><\/p>\n","protected":false},"author":1,"featured_media":0,"parent":0,"menu_order":0,"comment_status":"closed","ping_status":"closed","template":"","meta":{"footnotes":""},"_links":{"self":[{"href":"https:\/\/www.knbo.il.pw.edu.pl\/index.php?rest_route=\/wp\/v2\/pages\/896"}],"collection":[{"href":"https:\/\/www.knbo.il.pw.edu.pl\/index.php?rest_route=\/wp\/v2\/pages"}],"about":[{"href":"https:\/\/www.knbo.il.pw.edu.pl\/index.php?rest_route=\/wp\/v2\/types\/page"}],"author":[{"embeddable":true,"href":"https:\/\/www.knbo.il.pw.edu.pl\/index.php?rest_route=\/wp\/v2\/users\/1"}],"replies":[{"embeddable":true,"href":"https:\/\/www.knbo.il.pw.edu.pl\/index.php?rest_route=%2Fwp%2Fv2%2Fcomments&post=896"}],"version-history":[{"count":1,"href":"https:\/\/www.knbo.il.pw.edu.pl\/index.php?rest_route=\/wp\/v2\/pages\/896\/revisions"}],"predecessor-version":[{"id":898,"href":"https:\/\/www.knbo.il.pw.edu.pl\/index.php?rest_route=\/wp\/v2\/pages\/896\/revisions\/898"}],"wp:attachment":[{"href":"https:\/\/www.knbo.il.pw.edu.pl\/index.php?rest_route=%2Fwp%2Fv2%2Fmedia&parent=896"}],"curies":[{"name":"wp","href":"https:\/\/api.w.org\/{rel}","templated":true}]}}