{"id":892,"date":"2018-12-05T18:55:56","date_gmt":"2018-12-05T17:55:56","guid":{"rendered":"http:\/\/www.knbo.il.pw.edu.pl\/?page_id=892"},"modified":"2018-12-05T19:02:03","modified_gmt":"2018-12-05T18:02:03","slug":"nowoczesne-budownictwo-naturalne","status":"publish","type":"page","link":"https:\/\/www.knbo.il.pw.edu.pl\/?page_id=892","title":{"rendered":"Nowoczesne budownictwo naturalne"},"content":{"rendered":"<h1 style=\"text-align: center;\"><em><strong>Nowoczesne budownictwo naturalne<\/strong><\/em><\/h1>\n<p style=\"text-align: center;\"><em>Najwi\u0119kszym wyzwaniem dzisiejszego \u015bwiata s\u0105 zmiany klimatu. Jak wiadomo, s\u0105 one spowodowane<\/em><br \/>\n<em>przez cz\u0142owieka, a budownictwo jest jednym z dzia\u0142\u00f3w gospodarki, kt\u00f3ry odgrywa kluczow\u0105 rol\u0119. Jak mo\u017cna<\/em><br \/>\n<em>ograniczy\u0107 emisj\u0119 dwutlenku w\u0119gla, zu\u017cycie zasob\u00f3w naturalnych czy wp\u0142yw na \u015brodowisko naturalne?<\/em><\/p>\n<p style=\"text-align: center;\"><em>Podczas tego projektu chcieliby\u015bmy przybli\u017cy\u0107 uczestnikom idee zr\u00f3wnowa\u017conej gospodarki,<\/em><br \/>\n<em>uwra\u017cliwi\u0107 na skutki spo\u0142eczne i \u015brodowiskowe decyzji, kt\u00f3re b\u0119d\u0105 podejmowa\u0107 w swoim przysz\u0142ym \u017cyciu<\/em><br \/>\n<em>zawodowym. Poznamy ludzi, firmy i instytucje, kt\u00f3re staraj\u0105 si\u0119 dzia\u0142a\u0107 z my\u015bl\u0105 o przysz\u0142ych pokoleniach oraz<\/em><br \/>\n<em>poszukamy rozwi\u0105za\u0144, kt\u00f3re b\u0119d\u0105 racjonalne nie tylko pod wzgl\u0119dem ekonomicznym ale i ekologicznym.<\/em><\/p>\n<p style=\"text-align: center;\">\n<strong>Uczestnicy projektu:<\/strong><br \/>\nUczestnicy projektu zostaj\u0105 wy\u0142onieni spo\u015br\u00f3d otwartej dla ka\u017cdego studenta procesie rekrutacji.<br \/>\nProjekt jest skierowany do student\u00f3w wszystkich wydzia\u0142\u00f3w. Warunkiem uczestnictwa jest regularne<br \/>\nprzychodzenie na spotkania grupy roboczej i branie udzia\u0142u w wydarzeniach.<\/p>\n<p style=\"text-align: center;\">\n<strong>Program projektu obejmowa\u0142 b\u0119dzie:<\/strong><br \/>\n&#x27a1;&#xfe0f;\u00a0wizyty w instytucjach, firmach, organizacjach pozarz\u0105dowych,<br \/>\n&#x27a1;&#xfe0f;\u00a0spotkania i panele dyskusyjne ze lud\u017ami zwi\u0105zanymi z budownictwem, architektur\u0105, ekologi\u0105 i<br \/>\nbiznesem w budownictwie naturalnym,<br \/>\n&#x27a1;&#xfe0f;\u00a0organizacj\u0119 wyjazdu na Festiwal Budownictwa Naturalnego 2019 w \u0141odzi,<br \/>\n&#x27a1;&#xfe0f;\u00a0wizyty na budowach i udzia\u0142 w warsztatach zwi\u0105zanych tematyk\u0105 z budownictwem naturalnym.<\/p>\n<p style=\"text-align: center;\">\n<strong>Korzy\u015bci dla uczestnik\u00f3w projektu:<\/strong><br \/>\nDzi\u0119ki uczestnictwu w projekcie studenci poznaj\u0105 nowatorskie technologie, kt\u00f3re s\u0105 alternatyw\u0105 dla<br \/>\nkonwencjonalnego budownictwa. Poznaj\u0105 ludzi, kt\u00f3rzy maj\u0105 do\u015bwiadczenie zawodowe w budownictwie<br \/>\nnaturalnym. Uczestnicy projektu b\u0119d\u0105 mieli szans\u0119 spojrze\u0107 krytycznym okiem na dzia\u0142ania ekologiczne r\u00f3\u017cnych<br \/>\nfirm, instytucji i wsp\u00f3lnie z innymi oceni\u0107 ich warto\u015b\u0107 dla \u015brodowiska. Studenci b\u0119d\u0105 mieli szans\u0119 lepiej si\u0119<br \/>\nzintegrowa\u0107 i spr\u00f3bowa\u0107 pracy w zespole podczas przygotowywania i udziale w r\u00f3\u017cnych warsztatach i<br \/>\nspotkaniach. Uczestnicy poznaj\u0105 wp\u0142yw swoich decyzji, kt\u00f3re podejmuj\u0105 zar\u00f3wno w \u017cyciu zawodowym jak i<br \/>\nprywatnym.<\/p>\n<p style=\"text-align: center;\"><strong>Cele:<\/strong><br \/>\nProjekt ma na celu uwra\u017cliwienie student\u00f3w na problemy globalnego ocieplenia i metody jak z nim<br \/>\nwalczy\u0107. Chcemy aby studenci nauczyli si\u0119 racjonalnego oceniania r\u00f3\u017cnych ekologicznych rozwi\u0105za\u0144 w<br \/>\nbudownictwie. Podczas tego projektu uczestnicy poznaj\u0105 technologie, kt\u00f3re mog\u0105 zmniejszy\u0107 emisj\u0119 gaz\u00f3w<br \/>\ncieplarnianych powodowanych przez sektor budownictwa. Pragniemy przekaza\u0107 m\u0142odym studentom wiedz\u0119<br \/>\njaki wp\u0142yw na \u015brodowisko maj\u0105 ich codzienne decyzje i jak w przysz\u0142ym \u017cyciu zawodowym mog\u0105 przyczynia\u0107 si\u0119<br \/>\ndo zr\u00f3wnowa\u017conego rozwoju. Projekt ma na celu ukszta\u0142towanie ekologicznej i spo\u0142ecznej \u015bwiadomo\u015bci<br \/>\nstudent\u00f3w, aby w przysz\u0142o\u015bci dobrze s\u0142u\u017cyli spo\u0142ecze\u0144stwu i przyrodzie.<\/p>\n<p style=\"text-align: center;\"><strong>Koordynator:<br \/>\n<\/strong>Wojciech Pi\u0105tkiewicz<\/p>\n","protected":false},"excerpt":{"rendered":"<p>Nowoczesne budownictwo naturalne Najwi\u0119kszym wyzwaniem dzisiejszego \u015bwiata s\u0105 zmiany klimatu. Jak wiadomo, s\u0105 one spowodowane przez cz\u0142owieka, a budownictwo jest jednym z dzia\u0142\u00f3w gospodarki, kt\u00f3ry odgrywa kluczow\u0105 rol\u0119. Jak mo\u017cna ograniczy\u0107 emisj\u0119 dwutlenku w\u0119gla, zu\u017cycie zasob\u00f3w naturalnych czy wp\u0142yw na \u015brodowisko naturalne? Podczas tego projektu chcieliby\u015bmy przybli\u017cy\u0107 uczestnikom idee zr\u00f3wnowa\u017conej gospodarki, uwra\u017cliwi\u0107 na skutki spo\u0142eczne <a href=\"https:\/\/www.knbo.il.pw.edu.pl\/?page_id=892\"> read more <span class=\"meta-nav\">&raquo;<\/span><\/a><\/p>\n","protected":false},"author":1,"featured_media":0,"parent":0,"menu_order":0,"comment_status":"closed","ping_status":"closed","template":"","meta":{"footnotes":""},"_links":{"self":[{"href":"https:\/\/www.knbo.il.pw.edu.pl\/index.php?rest_route=\/wp\/v2\/pages\/892"}],"collection":[{"href":"https:\/\/www.knbo.il.pw.edu.pl\/index.php?rest_route=\/wp\/v2\/pages"}],"about":[{"href":"https:\/\/www.knbo.il.pw.edu.pl\/index.php?rest_route=\/wp\/v2\/types\/page"}],"author":[{"embeddable":true,"href":"https:\/\/www.knbo.il.pw.edu.pl\/index.php?rest_route=\/wp\/v2\/users\/1"}],"replies":[{"embeddable":true,"href":"https:\/\/www.knbo.il.pw.edu.pl\/index.php?rest_route=%2Fwp%2Fv2%2Fcomments&post=892"}],"version-history":[{"count":3,"href":"https:\/\/www.knbo.il.pw.edu.pl\/index.php?rest_route=\/wp\/v2\/pages\/892\/revisions"}],"predecessor-version":[{"id":901,"href":"https:\/\/www.knbo.il.pw.edu.pl\/index.php?rest_route=\/wp\/v2\/pages\/892\/revisions\/901"}],"wp:attachment":[{"href":"https:\/\/www.knbo.il.pw.edu.pl\/index.php?rest_route=%2Fwp%2Fv2%2Fmedia&parent=892"}],"curies":[{"name":"wp","href":"https:\/\/api.w.org\/{rel}","templated":true}]}}