{"id":8,"date":"2013-10-06T17:18:23","date_gmt":"2013-10-06T15:18:23","guid":{"rendered":"http:\/\/www.knbo.il.pw.edu.pl\/?page_id=8"},"modified":"2018-12-05T18:56:19","modified_gmt":"2018-12-05T17:56:19","slug":"projekty","status":"publish","type":"page","link":"https:\/\/www.knbo.il.pw.edu.pl\/?page_id=8","title":{"rendered":"Civil Engineering in Business"},"content":{"rendered":"<h1 style=\"text-align: center;\"><span style=\"color: #000000;\"><em><strong>Civil Engineering in Business<\/strong><\/em><\/span><\/h1>\n<p style=\"text-align: center;\"><span style=\"color: #000000;\"><em><strong>Czym tak naprawd\u0119 jest zaw\u00f3d in\u017cyniera budownictwa?<\/strong><\/em><\/span><br \/>\n<span style=\"color: #000000;\"><em><strong>Jak wygl\u0105da jego \u017cycie w \u015bwiecie biznesu ?<br \/>\n<\/strong><strong>Jak\u0105<\/strong><strong>\u00a0rol\u0119 odgrywa w negocjacjach?<br \/>\n<\/strong><strong>Jak powinien siebie reprezentowa\u0107?<\/strong><\/em><\/span><\/p>\n<p style=\"text-align: center;\"><span style=\"color: #000000;\">Szukaj\u0105c odpowiedzi na te wszystkie pytania Ko\u0142o Naukowe Budownictwa Og\u00f3lnego w 2018\u00a0<\/span><span style=\"color: #000000;\">roku wpad\u0142o na pomys\u0142 projektu edukacyjnego, kt\u00f3ry jest wyj\u0105tkowy ze wzgl\u0119du na swoj\u0105 skal\u0119. D<\/span><span style=\"color: #000000;\">aje szeroko rozumiane mo\u017cliwo\u015bci rozwoju m\u0142odych in\u017cynier\u00f3w budownictwa pod wzgl\u0119dem:\u00a0<\/span><span style=\"color: #000000;\">przysz\u0142ej pracy w zawodzie, prowadzenia w\u0142asnych biznes\u00f3w na poziomie mi\u0119dzynarodowym,\u00a0<\/span><span style=\"color: #000000;\">koordynowania biur projektowych, kierowania negocjacjami itp.<\/span><\/p>\n<p style=\"text-align: center;\"><span style=\"color: #000000;\"><strong>Uczestnicy projektu:<\/strong><br \/>\n<\/span><span style=\"color: #000000;\">Uczestnicy projektu zostaj\u0105 wy\u0142onieni spo\u015br\u00f3d otwartego dla ka\u017cdego studenta procesu rekrutacji.<\/span><\/p>\n<p style=\"text-align: center;\"><span style=\"color: #000000;\"><strong>Warunek uczestnictwa w projekcie:<\/strong><br \/>\n<\/span><span style=\"color: #000000;\">Studenci musz\u0105 odpowiedzie\u0107 na zadane pytania w formularzu\u00a0<\/span><span style=\"color: #000000;\">rekrutacyjnym oraz zaproponowa\u0107 rozwi\u0105zania, ciekawe formy temat\u00f3w rozm\u00f3w spotka\u0144 dotycz\u0105cych\u00a0<\/span><span style=\"color: #000000;\">prowadzonego projektu.<\/span><\/p>\n<p style=\"text-align: center;\"><strong><span style=\"color: #000000;\">Program projektu:<\/span><\/strong><br \/>\n<span style=\"color: #000000;\">Autorzy najlepiej wype\u0142nionych wed\u0142ug komisji formularzy b\u0119d\u0105 zakwalifikowani do udzia\u0142u w projekcie,<\/span><br \/>\n<span style=\"color: #000000;\">kt\u00f3ry obejmowa\u0142 b\u0119dzie:<br \/>\n<\/span><span style=\"color: #000000;\">&#x27a1;w<\/span><span style=\"color: #000000;\">izyty w presti\u017cowych instytucjach, firmach, organizacjach pozarz\u0105dowych,<br \/>\n<\/span><span style=\"color: #000000;\">&#x27a1;\u00a0spotkania i panele dyskusyjne ze znanymi osobisto\u015bciami \u015bwiata biznesu zwi\u0105zanego bezpo\u015brednio lub<\/span><br \/>\n<span style=\"color: #000000;\">po\u015brednio z budownictwem, architektur\u0105, ekonomi\u0105 w budownictwie,<\/span><br \/>\n<span style=\"color: #000000;\">&#x27a1;\u00a0warsztaty z zakresu kultury zachowania oraz protoko\u0142u podczas spotka\u0144 biznesowych, negocjacji<\/span><br \/>\n<span style=\"color: #000000;\">zawierania kontrakt\u00f3w.<\/span><\/p>\n<p style=\"text-align: center;\"><strong><span style=\"color: #000000;\">Korzy\u015bci dla uczestnik\u00f3w projektu:<\/span><\/strong><br \/>\n<span style=\"color: #000000;\">Dzi\u0119ki uczestnictwu w projekcie m\u0142odzi, pe\u0142ni energii i pomys\u0142\u00f3w studenci, kt\u00f3rzy w przysz\u0142o\u015bci chc\u0105 by\u0107 zwi\u0105zani<\/span><br \/>\n<span style=\"color: #000000;\">z biznesem budowlanym b\u0119d\u0105 mili okazj\u0119 wej\u015b\u0107 za kulisy \u015bwiata biznesu budowlanego na poziomie<\/span><br \/>\n<span style=\"color: #000000;\">mi\u0119dzynarodowym. Ka\u017cdy z uczestnik\u00f3w b\u0119dzie mia\u0142 unikatow\u0105 mo\u017cliwo\u015b\u0107 wzi\u0119cia udzia\u0142u w zamkni\u0119tych<\/span><br \/>\n<span style=\"color: #000000;\">spotkaniach w presti\u017cowych firmach budowlanych ze znanymi osobisto\u015bciami \u015bwiata budownictwa, uczestnictwa<\/span><br \/>\n<span style=\"color: #000000;\">w ciekawych warsztatach. Podczas spotka\u0144 poruszane b\u0119d\u0105 tematy dotycz\u0105ce nowoczesnych rozwi\u0105za\u0144 w<\/span><br \/>\n<span style=\"color: #000000;\">budownictwie, ciekawych inwestycji, procesu inwestycyjnego, sztuki budowlanej oraz kultury. B\u0119dziemy mogli<\/span><br \/>\n<span style=\"color: #000000;\">te\u017c spotka\u0107 si\u0119 z rozmowami na temat \u017cycia prywatnego, oraz osobistych do\u015bwiadcze\u0144 ludzi zwi\u0105zanych od lat z biznesem budowlanym.<\/span><\/p>\n<p style=\"text-align: center;\"><strong><span style=\"color: #000000;\">Cele:<\/span><\/strong><br \/>\n<span style=\"color: #000000;\">Projekt ma na celu wspieranie i rozw\u00f3j naukowy student\u00f3w w zakresie: prowadzenia w\u0142asnej<\/span><br \/>\n<span style=\"color: #000000;\">dzia\u0142alno\u015bci zwi\u0105zanej z budownictwem, prawa inwestycyjnego, protoko\u0142u biznesowego, wiedzy bezpo\u015brednio<\/span><br \/>\n<span style=\"color: #000000;\">zwi\u0105zanej z szeroko rozumian\u0105 sztuk\u0105 budownictwa. Co wi\u0119cej pragniemy przybli\u017cy\u0107 m\u0142odym ludziom poprzez<\/span><br \/>\n<span style=\"color: #000000;\">\u0142\u0105czenie kultury oraz savoir \u2013 vivre- umiej\u0119tno\u015b\u0107 wypowiadania si\u0119 na zawodowe tematy, swobod\u0119 podczas<\/span><br \/>\n<span style=\"color: #000000;\">spotka\u0144 biznesowych z osobami z szerokim wachlarzem do\u015bwiadcze\u0144 zawodowych (prezesi, dyrektorzy znanych<\/span><br \/>\n<span style=\"color: #000000;\">firm budowlanych, konstruktorzy, kierownicy bud\u00f3w, architekci, ekonomi\u015bci )<\/span><\/p>\n<p style=\"text-align: center;\"><strong>Koordynator:<\/strong><br \/>\nMicha\u0142 Salamonowicz<\/p>\n","protected":false},"excerpt":{"rendered":"<p>Civil Engineering in Business Czym tak naprawd\u0119 jest zaw\u00f3d in\u017cyniera budownictwa? Jak wygl\u0105da jego \u017cycie w \u015bwiecie biznesu ? Jak\u0105\u00a0rol\u0119 odgrywa w negocjacjach? Jak powinien siebie reprezentowa\u0107? Szukaj\u0105c odpowiedzi na te wszystkie pytania Ko\u0142o Naukowe Budownictwa Og\u00f3lnego w 2018\u00a0roku wpad\u0142o na pomys\u0142 projektu edukacyjnego, kt\u00f3ry jest wyj\u0105tkowy ze wzgl\u0119du na swoj\u0105 skal\u0119. Daje szeroko rozumiane <a href=\"https:\/\/www.knbo.il.pw.edu.pl\/?page_id=8\"> read more <span class=\"meta-nav\">&raquo;<\/span><\/a><\/p>\n","protected":false},"author":1,"featured_media":0,"parent":0,"menu_order":0,"comment_status":"closed","ping_status":"closed","template":"links.php","meta":{"footnotes":""},"_links":{"self":[{"href":"https:\/\/www.knbo.il.pw.edu.pl\/index.php?rest_route=\/wp\/v2\/pages\/8"}],"collection":[{"href":"https:\/\/www.knbo.il.pw.edu.pl\/index.php?rest_route=\/wp\/v2\/pages"}],"about":[{"href":"https:\/\/www.knbo.il.pw.edu.pl\/index.php?rest_route=\/wp\/v2\/types\/page"}],"author":[{"embeddable":true,"href":"https:\/\/www.knbo.il.pw.edu.pl\/index.php?rest_route=\/wp\/v2\/users\/1"}],"replies":[{"embeddable":true,"href":"https:\/\/www.knbo.il.pw.edu.pl\/index.php?rest_route=%2Fwp%2Fv2%2Fcomments&post=8"}],"version-history":[{"count":33,"href":"https:\/\/www.knbo.il.pw.edu.pl\/index.php?rest_route=\/wp\/v2\/pages\/8\/revisions"}],"predecessor-version":[{"id":894,"href":"https:\/\/www.knbo.il.pw.edu.pl\/index.php?rest_route=\/wp\/v2\/pages\/8\/revisions\/894"}],"wp:attachment":[{"href":"https:\/\/www.knbo.il.pw.edu.pl\/index.php?rest_route=%2Fwp%2Fv2%2Fmedia&parent=8"}],"curies":[{"name":"wp","href":"https:\/\/api.w.org\/{rel}","templated":true}]}}