{"id":798,"date":"2018-12-05T15:36:30","date_gmt":"2018-12-05T14:36:30","guid":{"rendered":"http:\/\/www.knbo.il.pw.edu.pl\/?page_id=798"},"modified":"2020-10-06T18:03:59","modified_gmt":"2020-10-06T16:03:59","slug":"zarzad","status":"publish","type":"page","link":"https:\/\/www.knbo.il.pw.edu.pl\/?page_id=798","title":{"rendered":"Zarz\u0105d"},"content":{"rendered":"<h2>Obecny zarz\u0105d<\/h2>\n<table class=\"aligncenter\" style=\"width: 900px;\">\n<tbody>\n<tr style=\"height: 350px;\">\n<td style=\"width: 215px; height: 350px; vertical-align: bottom\">&nbsp;<\/p>\n<h4><strong><span style=\"font-size: 1em;\">Prezes<br \/>\n<\/span><\/strong>Monika Ko\u0142akowska<\/h4>\n<\/td>\n<td style=\"width: 215px; height: 350px; vertical-align: bottom\">&nbsp;<br \/>\n<img decoding=\"async\" src=\"http:\/\/www.knbo.il.pw.edu.pl\/wp-content\/uploads\/Micha\u0142-Salamonowicz.jpeg\"><\/p>\n<h4><strong><span style=\"font-size: 1em;\">Wiceprezes<br \/>\n<\/span><\/strong>Micha\u0142 Salamonowicz<\/h4>\n<\/td>\n<td style=\"width: 215px; height: 350px;\">&nbsp;<br \/>\n<img decoding=\"async\" src=\"http:\/\/www.knbo.il.pw.edu.pl\/wp-content\/uploads\/MD.jpg\"><\/p>\n<h4><strong><span style=\"font-size: 1em;\">Skarbnik<br \/>\n<\/span><\/strong>Magdalena D\u0105browska<\/h4>\n<\/td>\n<td style=\"width: 215px; height: 350px;\">&nbsp;<br \/>\n<img decoding=\"async\" src=\"http:\/\/www.knbo.il.pw.edu.pl\/wp-content\/uploads\/\u0141B.jpg\"><\/p>\n<h4><strong><span style=\"font-size: 1em;\">Sekretarz<br \/>\n<\/span><\/strong>\u0141ukasz Biedrowski<\/h4>\n<\/td>\n<\/tr>\n<tr style=\"height: 350px;\">\n<td style=\"width: 215px; height: 350px; vertical-align: bottom\">&nbsp;<br \/>\n<img decoding=\"async\" src=\"http:\/\/www.knbo.il.pw.edu.pl\/wp-content\/uploads\/KR.jpg\"><\/p>\n<h4><strong><span style=\"font-size: 1em;\">Cz\u0142onek Zwyczajny Zarz\u0105du<br \/>\n<\/span><\/strong>Karolina Rutz<\/h4>\n<\/td>\n<td style=\"width: 215px; height: 350px; vertical-align: bottom\">&nbsp;<\/p>\n<h4><strong><span style=\"font-size: 1em;\">Cz\u0142onek Zwyczajny Zarz\u0105du<br \/>\n<\/span><\/strong>Pawe\u0142 \u015awiniarski<\/h4>\n<\/td>\n<td style=\"width: 215px; height: 350px; vertical-align: bottom\">&nbsp;<br \/>\n<img decoding=\"async\" src=\"http:\/\/www.knbo.il.pw.edu.pl\/wp-content\/uploads\/MZ.jpg\"><\/p>\n<h4><strong><span style=\"font-size: 1em;\">Cz\u0142onek Zwyczajny Zarz\u0105du<br \/>\n<\/span><\/strong>Mateusz Zieli\u0144ski<\/h4>\n<\/td>\n<td style=\"width: 215px; height: 350px; vertical-align: bottom\">&nbsp;<br \/>\n<img decoding=\"async\" src=\"http:\/\/www.knbo.il.pw.edu.pl\/wp-content\/uploads\/MP.jpg\"><\/p>\n<h4><strong><span style=\"font-size: 1em;\">Cz\u0142onek Zwyczajny Zarz\u0105du<br \/>\n<\/span><\/strong>Mateusz Perka<\/h4>\n<\/td>\n<\/tr>\n<\/tbody>\n<\/table>\n<h2><\/h2>\n<h2><\/h2>\n<p>&nbsp;<\/p>\n<div class=\"linebreak clear\"><\/div>\n<h2>Zarz\u0105d ko\u0142a w poprzednich latach<\/h2>\n<h4>2018\/2019:<\/h4>\n<p>Prezes: Micha\u0142 Salamonowicz<\/p>\n<p>Wiceprezes: Mateusz Perka<\/p>\n<p>Skarbnik: Magdalena D\u0105browska<\/p>\n<p>Sekretarz: Kinga Kalisz<\/p>\n<p>Cz\u0142onkowie Zwyczajni Zarz\u0105du: Karolina Rutz, Mateusz Zieli\u0144ski<\/p>\n<div class=\"linebreak clear\"><\/div>\n<h4>2016\/2017:<\/h4>\n<p>Prezes: Micha\u0142 Kry\u017cman<\/p>\n<p>Wiceprezesi: Hubert Kowalczyk, Adam Kubiak<\/p>\n<p>Skarbnik: Magdalena Cegie\u0142ko<\/p>\n<p>Sekretarz: Paulina Olczak<\/p>\n<p>Cz\u0142onkowie Zwyczajni Zarz\u0105du: Piotr Grudzie\u0144, Mateusz Terlikowski<\/p>\n<div class=\"linebreak clear\"><\/div>\n<h4>2015\/2016:<\/h4>\n<p>Prezes: \u0141ukasz Terlikowski<\/p>\n<p>Wiceprezesi: Ilona Laskowska, Piotr Grudzie\u0144<\/p>\n<p>Skarbnik: Kamil Kowalski<\/p>\n<p>Sekretarz: Paulina Olczak<\/p>\n<p>Cz\u0142onkowie Zwyczajni Zarz\u0105du: Hubert Kowalczyk, Igor Marynowski<\/p>\n<div class=\"linebreak clear\"><\/div>\n<h4>2015:<\/h4>\n<p>Prezes: \u0141ukasz Terlikowski<\/p>\n<p>Wiceprezesi: Ilona Laskowska, Wojciech Czurakowski<\/p>\n<p>Skarbnik: Kamil Kowalski<\/p>\n<p>Sekretarz: Hubert Kowalczyk<\/p>\n<p>Cz\u0142onkowie Zwyczajni Zarz\u0105du: Klaudia Bebczuk, Piotr Grudzie\u0144<\/p>\n<div class=\"linebreak clear\"><\/div>\n<h4>2013:<\/h4>\n<p>Prezes: Beata Kutera<\/p>\n<p>Wiceprezesi: Dariusz Kulig, Tomasz P\u00f3\u0142torak<\/p>\n<p>Skarbnik: Barbara Szucio<\/p>\n<p>Sekretarz: Piotr Balcerowski<\/p>\n<p>Cz\u0142onkowie Zwyczajni Zarz\u0105du: Martyna Wojnar, Magdalena Burzy\u0144ska, (Damian Cudzik)<\/p>\n<div class=\"linebreak clear\"><\/div>\n<h4>2012:<\/h4>\n<p>Prezes: Krzysztof Fedor<\/p>\n<p>Wiceprezesi: Maria Ruta, Damian Cudzik<\/p>\n<p>Skarbnik: Micha\u0142 \u0141ukasiewicz<\/p>\n<p>Sekretarz: Tomasz Ga\u0142ka<\/p>\n<p>Cz\u0142onkowie Zwyczajni Zarz\u0105du: Zofia Waliszewska, Piotr Janowski<\/p>\n<div class=\"linebreak clear\"><\/div>\n<h4>2011:<\/h4>\n<p>Prezes: Ma\u0142gorzata Belka<\/p>\n<p>Wiceprezesi: Kacper Wasilewski, Sebastian Wilomski<\/p>\n<p>Skarbnik: Karol Drabik<\/p>\n<p>Sekretarz: Artur Kubat<\/p>\n<p>Cz\u0142onkowie Zwyczajni Zarz\u0105du: Tomasz Ga\u0142ka, Zofia Waliszewska<\/p>\n<div class=\"linebreak clear\"><\/div>\n<h4>2010:<\/h4>\n<p>Prezes: Tomasz Olechowski<\/p>\n<p>Wiceprezesi: Anna Kwit, Anna Celmer Al-Sabouni<\/p>\n<p>Skarbnik: Pawe\u0142 Szobski<\/p>\n<p>Sekretarz: Barbara Poliwka<\/p>\n<p>Cz\u0142onkowie Zwyczajni Zarz\u0105du: Ma\u0142gorzata Belka, Sebastian Wilomski<\/p>\n<div class=\"linebreak clear\"><\/div>\n<h4>2008-2009:<\/h4>\n<p>Prezes: Jacek Wojciechowski<\/p>\n<p>Wiceprezesi: Micha\u0142 Bo\u017cek, Andrzej Kasprzak<\/p>\n<p>Skarbnik: Sylwia Pskit<\/p>\n<p>Sekretarz: Tomasz Olechowski<\/p>\n<p>Cz\u0142onek Zwyczajny Zarz\u0105du: Anna Kwit, Kacper Wasilewski<\/p>\n<div class=\"linebreak clear\"><\/div>\n<h4>2007:<\/h4>\n<p>Prezes: Jacek Wojciechowski<\/p>\n<p>Wiceprezesi: Micha\u0142 Bo\u017cek, Andrzej Kasprzak<\/p>\n<p>Skarbnik: Sylwia Pskit<\/p>\n<p>Sekretarz: Tomasz Olechowski<\/p>\n<p>Cz\u0142onek Zwyczajny Zarz\u0105du: Anna Kwit<\/p>\n","protected":false},"excerpt":{"rendered":"<p>Obecny zarz\u0105d &nbsp; Prezes Monika Ko\u0142akowska &nbsp; Wiceprezes Micha\u0142 Salamonowicz &nbsp; Skarbnik Magdalena D\u0105browska &nbsp; Sekretarz \u0141ukasz Biedrowski &nbsp; Cz\u0142onek Zwyczajny Zarz\u0105du Karolina Rutz &nbsp; Cz\u0142onek Zwyczajny Zarz\u0105du Pawe\u0142 \u015awiniarski &nbsp; Cz\u0142onek Zwyczajny Zarz\u0105du Mateusz Zieli\u0144ski &nbsp; Cz\u0142onek Zwyczajny Zarz\u0105du Mateusz Perka &nbsp; Zarz\u0105d ko\u0142a w poprzednich latach 2018\/2019: Prezes: Micha\u0142 Salamonowicz Wiceprezes: Mateusz Perka <a href=\"https:\/\/www.knbo.il.pw.edu.pl\/?page_id=798\"> read more <span class=\"meta-nav\">&raquo;<\/span><\/a><\/p>\n","protected":false},"author":1,"featured_media":0,"parent":0,"menu_order":0,"comment_status":"closed","ping_status":"closed","template":"","meta":{"footnotes":""},"_links":{"self":[{"href":"https:\/\/www.knbo.il.pw.edu.pl\/index.php?rest_route=\/wp\/v2\/pages\/798"}],"collection":[{"href":"https:\/\/www.knbo.il.pw.edu.pl\/index.php?rest_route=\/wp\/v2\/pages"}],"about":[{"href":"https:\/\/www.knbo.il.pw.edu.pl\/index.php?rest_route=\/wp\/v2\/types\/page"}],"author":[{"embeddable":true,"href":"https:\/\/www.knbo.il.pw.edu.pl\/index.php?rest_route=\/wp\/v2\/users\/1"}],"replies":[{"embeddable":true,"href":"https:\/\/www.knbo.il.pw.edu.pl\/index.php?rest_route=%2Fwp%2Fv2%2Fcomments&post=798"}],"version-history":[{"count":29,"href":"https:\/\/www.knbo.il.pw.edu.pl\/index.php?rest_route=\/wp\/v2\/pages\/798\/revisions"}],"predecessor-version":[{"id":1099,"href":"https:\/\/www.knbo.il.pw.edu.pl\/index.php?rest_route=\/wp\/v2\/pages\/798\/revisions\/1099"}],"wp:attachment":[{"href":"https:\/\/www.knbo.il.pw.edu.pl\/index.php?rest_route=%2Fwp%2Fv2%2Fmedia&parent=798"}],"curies":[{"name":"wp","href":"https:\/\/api.w.org\/{rel}","templated":true}]}}