{"id":31,"date":"2013-10-07T22:04:51","date_gmt":"2013-10-07T20:04:51","guid":{"rendered":"http:\/\/www.knbo.il.pw.edu.pl\/?page_id=31"},"modified":"2019-08-05T17:47:47","modified_gmt":"2019-08-05T15:47:47","slug":"kontakt","status":"publish","type":"page","link":"https:\/\/www.knbo.il.pw.edu.pl\/?page_id=31","title":{"rendered":"Kontakt"},"content":{"rendered":"<figure id=\"attachment_238\" aria-describedby=\"caption-attachment-238\" style=\"width: 208px\" class=\"wp-caption alignright\"><a href=\"http:\/\/goo.gl\/maps\/pGuUb\"><img loading=\"lazy\" decoding=\"async\" class=\" wp-image-238 \" src=\"http:\/\/www.knbo.il.pw.edu.pl\/wp-content\/uploads\/2013\/10\/525829ffdbf3ec3b7800000c.jpeg\" alt=\"Wydzia\u0142 In\u017cynierii L\u0105dowej\" width=\"208\" height=\"121\" srcset=\"https:\/\/www.knbo.il.pw.edu.pl\/wp-content\/uploads\/2013\/10\/525829ffdbf3ec3b7800000c.jpeg 494w, https:\/\/www.knbo.il.pw.edu.pl\/wp-content\/uploads\/2013\/10\/525829ffdbf3ec3b7800000c-300x175.jpeg 300w\" sizes=\"(max-width: 208px) 100vw, 208px\" \/><\/a><figcaption id=\"caption-attachment-238\" class=\"wp-caption-text\">Lokalizacja na mapie<\/figcaption><\/figure>\n<address><script type=\"mce-text\/javascript\" language=\"JavaScript\">\/\/ <![CDATA[\nuser=\"knbo\";\nsite=\"il.pw.edu.pl\";\ndocument.write('<a href=\\\"mailto:'+user+'@'+site+'\\\">');\ndocument.write(user+'@'+site+'<\\\/a>');\n\/\/ ]]><\/script><br \/>\nPolitechnika Warszawska<br \/>\nWydzia\u0142 In\u017cynierii L\u0105dowej<br \/>\nal. Armii Ludowej 16<br \/>\n00-637 Warszawa<br \/>\npok\u00f3j 234B<\/address>\n<p><script type=\"text\/javascript\" language=\"JavaScript\">\/\/ <![CDATA[\nuser=\"knbo\";\nsite=\"il.pw.edu.pl\";\ndocument.write('<a href=\\\"mailto:'+user+'@'+site+'\\\">');\ndocument.write(user+'@'+site+'<\\\/a>');\n\/\/ ]]><\/script><\/p>\n","protected":false},"excerpt":{"rendered":"<p>Politechnika Warszawska Wydzia\u0142 In\u017cynierii L\u0105dowej al. Armii Ludowej 16 00-637 Warszawa pok\u00f3j 234B<\/p>\n","protected":false},"author":1,"featured_media":0,"parent":0,"menu_order":0,"comment_status":"closed","ping_status":"closed","template":"","meta":{"footnotes":""},"_links":{"self":[{"href":"https:\/\/www.knbo.il.pw.edu.pl\/index.php?rest_route=\/wp\/v2\/pages\/31"}],"collection":[{"href":"https:\/\/www.knbo.il.pw.edu.pl\/index.php?rest_route=\/wp\/v2\/pages"}],"about":[{"href":"https:\/\/www.knbo.il.pw.edu.pl\/index.php?rest_route=\/wp\/v2\/types\/page"}],"author":[{"embeddable":true,"href":"https:\/\/www.knbo.il.pw.edu.pl\/index.php?rest_route=\/wp\/v2\/users\/1"}],"replies":[{"embeddable":true,"href":"https:\/\/www.knbo.il.pw.edu.pl\/index.php?rest_route=%2Fwp%2Fv2%2Fcomments&post=31"}],"version-history":[{"count":95,"href":"https:\/\/www.knbo.il.pw.edu.pl\/index.php?rest_route=\/wp\/v2\/pages\/31\/revisions"}],"predecessor-version":[{"id":957,"href":"https:\/\/www.knbo.il.pw.edu.pl\/index.php?rest_route=\/wp\/v2\/pages\/31\/revisions\/957"}],"wp:attachment":[{"href":"https:\/\/www.knbo.il.pw.edu.pl\/index.php?rest_route=%2Fwp%2Fv2%2Fmedia&parent=31"}],"curies":[{"name":"wp","href":"https:\/\/api.w.org\/{rel}","templated":true}]}}